{"id":2970,"date":"2023-05-08T11:16:54","date_gmt":"2023-05-08T11:16:54","guid":{"rendered":"https:\/\/ecoprime.com\/epc\/"},"modified":"2025-04-14T07:00:53","modified_gmt":"2025-04-14T07:00:53","slug":"epc","status":"publish","type":"page","link":"https:\/\/ecoprime.com\/it\/epc\/","title":{"rendered":"EPC"},"content":{"rendered":"\t\t<div data-elementor-type=\"wp-page\" data-elementor-id=\"2970\" class=\"elementor elementor-2970 elementor-171\" data-elementor-post-type=\"page\">\n\t\t\t\t<div class=\"has_eae_slider elementor-element elementor-element-24e7245 e-flex e-con-boxed e-con e-parent\" data-id=\"24e7245\" data-element_type=\"container\" data-settings=\"{&quot;background_background&quot;:&quot;slideshow&quot;,&quot;background_slideshow_gallery&quot;:[{&quot;id&quot;:2473,&quot;url&quot;:&quot;https:\\\/\\\/ecoprime.com\\\/wp-content\\\/uploads\\\/2023\\\/06\\\/HEADER_EPC_IMG1.jpg&quot;},{&quot;id&quot;:2474,&quot;url&quot;:&quot;https:\\\/\\\/ecoprime.com\\\/wp-content\\\/uploads\\\/2023\\\/06\\\/HEADER_EPC_IMG4.jpg&quot;}],&quot;background_slideshow_loop&quot;:&quot;yes&quot;,&quot;background_slideshow_slide_duration&quot;:5000,&quot;background_slideshow_slide_transition&quot;:&quot;fade&quot;,&quot;background_slideshow_transition_duration&quot;:500}\">\n\t\t\t\t\t<div class=\"e-con-inner\">\n\t\t\t\t<div class=\"elementor-element elementor-element-453e11a elementor-invisible elementor-widget elementor-widget-heading\" data-id=\"453e11a\" data-element_type=\"widget\" data-settings=\"{&quot;_animation&quot;:&quot;fadeInDown&quot;}\" data-widget_type=\"heading.default\">\n\t\t\t\t<div class=\"elementor-widget-container\">\n\t\t\t<h2 class=\"elementor-heading-title elementor-size-default\">Engineering Procurement and Construction <\/h2>\t\t<\/div>\n\t\t\t\t<\/div>\n\t\t\t\t\t<\/div>\n\t\t\t\t<\/div>\n\t\t<div class=\"has_eae_slider elementor-element elementor-element-b84decc e-flex e-con-boxed e-con e-parent\" data-id=\"b84decc\" data-element_type=\"container\">\n\t\t\t\t\t<div class=\"e-con-inner\">\n\t\t\t\t<div class=\"elementor-element elementor-element-02d0132 elementor-widget__width-initial elementor-widget elementor-widget-text-editor\" data-id=\"02d0132\" data-element_type=\"widget\" data-widget_type=\"text-editor.default\">\n\t\t\t\t<div class=\"elementor-widget-container\">\n\t\t\t\t\t\t\t<div class=\"vcex-module vcex-heading vcex-heading-plain\"><span class=\"vcex-heading-inner clr\">Grazie all&#8217;esperienza del nostro team in diversi ambiti, siamo in grado di fornire progetti EPC in pi\u00f9 settori delle energie rinnovabili<\/span><\/div>\n\t\t\t\t\t\t<\/div>\n\t\t\t\t<\/div>\n\t\t\t\t\t<\/div>\n\t\t\t\t<\/div>\n\t\t<div class=\"has_eae_slider elementor-element elementor-element-f31e3b5 e-flex e-con-boxed e-con e-parent\" data-id=\"f31e3b5\" data-element_type=\"container\" data-settings=\"{&quot;background_background&quot;:&quot;classic&quot;}\">\n\t\t\t\t\t<div class=\"e-con-inner\">\n\t\t<div class=\"has_eae_slider elementor-element elementor-element-3e8d29f e-con-full e-flex e-con e-parent\" data-id=\"3e8d29f\" data-element_type=\"container\">\n\t\t\t\t<div class=\"elementor-element elementor-element-97338bf elementor-align-left elementor-icon-list--layout-traditional elementor-list-item-link-full_width elementor-invisible elementor-widget elementor-widget-icon-list\" data-id=\"97338bf\" data-element_type=\"widget\" data-settings=\"{&quot;_animation&quot;:&quot;fadeInDown&quot;,&quot;_animation_delay&quot;:1000}\" data-widget_type=\"icon-list.default\">\n\t\t\t\t<div class=\"elementor-widget-container\">\n\t\t\t\t\t<ul class=\"elementor-icon-list-items\">\n\t\t\t\t\t\t\t<li class=\"elementor-icon-list-item\">\n\t\t\t\t\t\t\t\t\t\t\t<span class=\"elementor-icon-list-icon\">\n\t\t\t\t\t\t\t<i aria-hidden=\"true\" class=\"fas fa-check\"><\/i>\t\t\t\t\t\t<\/span>\n\t\t\t\t\t\t\t\t\t\t<span class=\"elementor-icon-list-text\">Nuovi impianti connessi<br>alla rete fino a MT\/AT<\/span>\n\t\t\t\t\t\t\t\t\t<\/li>\n\t\t\t\t\t\t<\/ul>\n\t\t\t\t<\/div>\n\t\t\t\t<\/div>\n\t\t\t\t<\/div>\n\t\t<div class=\"has_eae_slider elementor-element elementor-element-24cf1d3 e-con-full e-flex e-con e-parent\" data-id=\"24cf1d3\" data-element_type=\"container\">\n\t\t\t\t<div class=\"elementor-element elementor-element-533bc49 elementor-align-left elementor-icon-list--layout-traditional elementor-list-item-link-full_width elementor-invisible elementor-widget elementor-widget-icon-list\" data-id=\"533bc49\" data-element_type=\"widget\" data-settings=\"{&quot;_animation&quot;:&quot;fadeInDown&quot;,&quot;_animation_delay&quot;:1000}\" data-widget_type=\"icon-list.default\">\n\t\t\t\t<div class=\"elementor-widget-container\">\n\t\t\t\t\t<ul class=\"elementor-icon-list-items\">\n\t\t\t\t\t\t\t<li class=\"elementor-icon-list-item\">\n\t\t\t\t\t\t\t\t\t\t\t<span class=\"elementor-icon-list-icon\">\n\t\t\t\t\t\t\t<i aria-hidden=\"true\" class=\"fas fa-check\"><\/i>\t\t\t\t\t\t<\/span>\n\t\t\t\t\t\t\t\t\t\t<span class=\"elementor-icon-list-text\">Revamping\/Repowering<br>di impianti esistenti<\/span>\n\t\t\t\t\t\t\t\t\t<\/li>\n\t\t\t\t\t\t<\/ul>\n\t\t\t\t<\/div>\n\t\t\t\t<\/div>\n\t\t\t\t<\/div>\n\t\t\t\t\t<\/div>\n\t\t\t\t<\/div>\n\t\t<div class=\"has_eae_slider elementor-element elementor-element-71814db animated-fast e-flex e-con-boxed elementor-invisible e-con e-parent\" data-id=\"71814db\" data-element_type=\"container\" data-settings=\"{&quot;background_background&quot;:&quot;classic&quot;,&quot;animation&quot;:&quot;slideInLeft&quot;}\">\n\t\t\t\t\t<div class=\"e-con-inner\">\n\t\t<div class=\"has_eae_slider elementor-element elementor-element-3ed3d91 e-con-full e-flex elementor-invisible e-con e-parent\" data-id=\"3ed3d91\" data-element_type=\"container\" data-settings=\"{&quot;animation&quot;:&quot;fadeInDown&quot;,&quot;animation_delay&quot;:800}\">\n\t\t\t\t<div class=\"elementor-element elementor-element-1d780db elementor-widget__width-initial elementor-widget elementor-widget-text-editor\" data-id=\"1d780db\" data-element_type=\"widget\" data-widget_type=\"text-editor.default\">\n\t\t\t\t<div class=\"elementor-widget-container\">\n\t\t\t\t\t\t\t<div class=\"wpb_column vc_column_container vc_col-sm-12\">\r\n<div class=\"vc_column-inner\">\r\n<div class=\"wpb_wrapper\">\r\n<div class=\"vcex-module vcex-heading vcex-heading-plain\"><span class=\"vcex-heading-inner clr\">Inoltre, il nostro ufficio tecnico \u00e8 in grado di fornire ulteriori servizi specializzati:<\/span><\/div>\r\n<\/div>\r\n<\/div>\r\n<\/div>\t\t\t\t\t\t<\/div>\n\t\t\t\t<\/div>\n\t\t\t\t<\/div>\n\t\t<div class=\"has_eae_slider elementor-element elementor-element-27f1aef e-con-full e-flex e-con e-parent\" data-id=\"27f1aef\" data-element_type=\"container\">\n\t\t\t\t<div class=\"elementor-element elementor-element-46eda80 elementor-align-left elementor-icon-list--layout-traditional elementor-list-item-link-full_width elementor-invisible elementor-widget elementor-widget-icon-list\" data-id=\"46eda80\" data-element_type=\"widget\" data-settings=\"{&quot;_animation&quot;:&quot;fadeInDown&quot;,&quot;_animation_delay&quot;:1000}\" data-widget_type=\"icon-list.default\">\n\t\t\t\t<div class=\"elementor-widget-container\">\n\t\t\t\t\t<ul class=\"elementor-icon-list-items\">\n\t\t\t\t\t\t\t<li class=\"elementor-icon-list-item\">\n\t\t\t\t\t\t\t\t\t\t\t<span class=\"elementor-icon-list-icon\">\n\t\t\t\t\t\t\t<i aria-hidden=\"true\" class=\"fas fa-check\"><\/i>\t\t\t\t\t\t<\/span>\n\t\t\t\t\t\t\t\t\t\t<span class=\"elementor-icon-list-text\">Sviluppo<\/span>\n\t\t\t\t\t\t\t\t\t<\/li>\n\t\t\t\t\t\t\t\t<li class=\"elementor-icon-list-item\">\n\t\t\t\t\t\t\t\t\t\t\t<span class=\"elementor-icon-list-icon\">\n\t\t\t\t\t\t\t<i aria-hidden=\"true\" class=\"fas fa-check\"><\/i>\t\t\t\t\t\t<\/span>\n\t\t\t\t\t\t\t\t\t\t<span class=\"elementor-icon-list-text\">Processo autorizzativo<\/span>\n\t\t\t\t\t\t\t\t\t<\/li>\n\t\t\t\t\t\t\t\t<li class=\"elementor-icon-list-item\">\n\t\t\t\t\t\t\t\t\t\t\t<span class=\"elementor-icon-list-icon\">\n\t\t\t\t\t\t\t<i aria-hidden=\"true\" class=\"fas fa-check\"><\/i>\t\t\t\t\t\t<\/span>\n\t\t\t\t\t\t\t\t\t\t<span class=\"elementor-icon-list-text\">Ingegneria del valore<\/span>\n\t\t\t\t\t\t\t\t\t<\/li>\n\t\t\t\t\t\t<\/ul>\n\t\t\t\t<\/div>\n\t\t\t\t<\/div>\n\t\t\t\t<\/div>\n\t\t<div class=\"has_eae_slider elementor-element elementor-element-e0dd250 e-con-full e-flex e-con e-parent\" data-id=\"e0dd250\" data-element_type=\"container\">\n\t\t\t\t<div class=\"elementor-element elementor-element-c3619ac elementor-align-left elementor-icon-list--layout-traditional elementor-list-item-link-full_width elementor-invisible elementor-widget elementor-widget-icon-list\" data-id=\"c3619ac\" data-element_type=\"widget\" data-settings=\"{&quot;_animation&quot;:&quot;fadeInDown&quot;,&quot;_animation_delay&quot;:1000}\" data-widget_type=\"icon-list.default\">\n\t\t\t\t<div class=\"elementor-widget-container\">\n\t\t\t\t\t<ul class=\"elementor-icon-list-items\">\n\t\t\t\t\t\t\t<li class=\"elementor-icon-list-item\">\n\t\t\t\t\t\t\t\t\t\t\t<span class=\"elementor-icon-list-icon\">\n\t\t\t\t\t\t\t<i aria-hidden=\"true\" class=\"fas fa-check\"><\/i>\t\t\t\t\t\t<\/span>\n\t\t\t\t\t\t\t\t\t\t<span class=\"elementor-icon-list-text\">Design concettuale<\/span>\n\t\t\t\t\t\t\t\t\t<\/li>\n\t\t\t\t\t\t\t\t<li class=\"elementor-icon-list-item\">\n\t\t\t\t\t\t\t\t\t\t\t<span class=\"elementor-icon-list-icon\">\n\t\t\t\t\t\t\t<i aria-hidden=\"true\" class=\"fas fa-check\"><\/i>\t\t\t\t\t\t<\/span>\n\t\t\t\t\t\t\t\t\t\t<span class=\"elementor-icon-list-text\">Ingegneria dei proprietari<\/span>\n\t\t\t\t\t\t\t\t\t<\/li>\n\t\t\t\t\t\t<\/ul>\n\t\t\t\t<\/div>\n\t\t\t\t<\/div>\n\t\t\t\t<\/div>\n\t\t\t\t\t<\/div>\n\t\t\t\t<\/div>\n\t\t<div class=\"has_eae_slider elementor-element elementor-element-9bd8297 e-flex e-con-boxed e-con e-parent\" data-id=\"9bd8297\" data-element_type=\"container\">\n\t\t\t\t\t<div class=\"e-con-inner\">\n\t\t\t\t<div class=\"elementor-element elementor-element-5b1e1f6 elementor-widget__width-initial elementor-widget elementor-widget-text-editor\" data-id=\"5b1e1f6\" data-element_type=\"widget\" data-widget_type=\"text-editor.default\">\n\t\t\t\t<div class=\"elementor-widget-container\">\n\t\t\t\t\t\t\t<div class=\"vc_row wpb_row vc_row-fluid vc_custom_1603818563399 wpex-vc-has-custom-column-spacing wpex-vc-column-spacing-0px\">\r\n<div class=\"wpb_column vc_column_container vc_col-sm-12\">\r\n<div class=\"vc_column-inner\">\r\n<div class=\"wpb_wrapper\">\r\n<div class=\"vcex-module vcex-heading vcex-heading-plain\"><span class=\"vcex-heading-inner clr\">Il nostro ufficio legale e di sviluppo \u00e8 in grado di coordinare la soddisfazione dei requisiti pi\u00f9 severi delle autorit\u00e0 di settore.<\/span><\/div>\r\n<\/div>\r\n<\/div>\r\n<\/div>\r\n<\/div>\t\t\t\t\t\t<\/div>\n\t\t\t\t<\/div>\n\t\t\t\t\t<\/div>\n\t\t\t\t<\/div>\n\t\t<div class=\"has_eae_slider elementor-element elementor-element-72b720f e-flex e-con-boxed elementor-invisible e-con e-parent\" data-id=\"72b720f\" data-element_type=\"container\" data-settings=\"{&quot;animation&quot;:&quot;fadeInDown&quot;,&quot;animation_delay&quot;:300}\">\n\t\t\t\t\t<div class=\"e-con-inner\">\n\t\t<div class=\"has_eae_slider elementor-element elementor-element-1ef3d87 e-con-full e-flex e-con e-parent\" data-id=\"1ef3d87\" data-element_type=\"container\">\n\t\t\t\t<div class=\"elementor-element elementor-element-d1d0177 elementor-position-left elementor-vertical-align-top elementor-widget elementor-widget-image-box\" data-id=\"d1d0177\" data-element_type=\"widget\" data-widget_type=\"image-box.default\">\n\t\t\t\t<div class=\"elementor-widget-container\">\n\t\t\t<div class=\"elementor-image-box-wrapper\"><figure class=\"elementor-image-box-img\"><img fetchpriority=\"high\" decoding=\"async\" width=\"595\" height=\"595\" src=\"https:\/\/ecoprime.com\/wp-content\/uploads\/2023\/05\/ecoprime_wind_suplly.jpg\" class=\"attachment-full size-full wp-image-762\" alt=\"\" srcset=\"https:\/\/ecoprime.com\/wp-content\/uploads\/2023\/05\/ecoprime_wind_suplly.jpg 595w, https:\/\/ecoprime.com\/wp-content\/uploads\/2023\/05\/ecoprime_wind_suplly-300x300.jpg 300w, https:\/\/ecoprime.com\/wp-content\/uploads\/2023\/05\/ecoprime_wind_suplly-150x150.jpg 150w\" sizes=\"(max-width: 595px) 100vw, 595px\" \/><\/figure><div class=\"elementor-image-box-content\"><h3 class=\"elementor-image-box-title\">Consegna<\/h3><p class=\"elementor-image-box-description\">Con un\u2019organizzazione flessibile e diversi partner dislocati, ecoprime \u00e8 in grado di garantire una rapida gestione dell\u2019impianto rispondendo alle esigenze del cliente<\/p><\/div><\/div>\t\t<\/div>\n\t\t\t\t<\/div>\n\t\t\t\t<\/div>\n\t\t<div class=\"has_eae_slider elementor-element elementor-element-e3d4cc5 e-con-full e-flex e-con e-parent\" data-id=\"e3d4cc5\" data-element_type=\"container\">\n\t\t\t\t<div class=\"elementor-element elementor-element-61d9e0a elementor-position-left elementor-vertical-align-top elementor-widget elementor-widget-image-box\" data-id=\"61d9e0a\" data-element_type=\"widget\" data-widget_type=\"image-box.default\">\n\t\t\t\t<div class=\"elementor-widget-container\">\n\t\t\t<div class=\"elementor-image-box-wrapper\"><figure class=\"elementor-image-box-img\"><img decoding=\"async\" width=\"595\" height=\"595\" src=\"https:\/\/ecoprime.com\/wp-content\/uploads\/2023\/05\/ecoprime_tender.jpg\" class=\"attachment-full size-full wp-image-898\" alt=\"\" srcset=\"https:\/\/ecoprime.com\/wp-content\/uploads\/2023\/05\/ecoprime_tender.jpg 595w, https:\/\/ecoprime.com\/wp-content\/uploads\/2023\/05\/ecoprime_tender-300x300.jpg 300w, https:\/\/ecoprime.com\/wp-content\/uploads\/2023\/05\/ecoprime_tender-150x150.jpg 150w\" sizes=\"(max-width: 595px) 100vw, 595px\" \/><\/figure><div class=\"elementor-image-box-content\"><h3 class=\"elementor-image-box-title\">Forza finanziaria<\/h3><p class=\"elementor-image-box-description\">La nostra solida base finanziaria ci consente di fornire ai clienti garanzie pi\u00f9 affidabili e sicure<\/p><\/div><\/div>\t\t<\/div>\n\t\t\t\t<\/div>\n\t\t\t\t<\/div>\n\t\t<div class=\"has_eae_slider elementor-element elementor-element-dc81a67 e-con-full e-flex e-con e-parent\" data-id=\"dc81a67\" data-element_type=\"container\">\n\t\t\t\t<div class=\"elementor-element elementor-element-00555e9 elementor-position-left elementor-vertical-align-top elementor-widget elementor-widget-image-box\" data-id=\"00555e9\" data-element_type=\"widget\" data-widget_type=\"image-box.default\">\n\t\t\t\t<div class=\"elementor-widget-container\">\n\t\t\t<div class=\"elementor-image-box-wrapper\"><figure class=\"elementor-image-box-img\"><img decoding=\"async\" width=\"595\" height=\"595\" src=\"https:\/\/ecoprime.com\/wp-content\/uploads\/2023\/05\/ecoprime_investments.jpg\" class=\"attachment-full size-full wp-image-897\" alt=\"\" srcset=\"https:\/\/ecoprime.com\/wp-content\/uploads\/2023\/05\/ecoprime_investments.jpg 595w, https:\/\/ecoprime.com\/wp-content\/uploads\/2023\/05\/ecoprime_investments-300x300.jpg 300w, https:\/\/ecoprime.com\/wp-content\/uploads\/2023\/05\/ecoprime_investments-150x150.jpg 150w\" sizes=\"(max-width: 595px) 100vw, 595px\" \/><\/figure><div class=\"elementor-image-box-content\"><h3 class=\"elementor-image-box-title\">Qualit\u00e0<\/h3><p class=\"elementor-image-box-description\">La nostra lunga presenza sul mercato costituisce la base per la selezione di componenti di prima qualit\u00e0 da installare negli impianti dei nostri clienti<\/p><\/div><\/div>\t\t<\/div>\n\t\t\t\t<\/div>\n\t\t\t\t<\/div>\n\t\t<div class=\"has_eae_slider elementor-element elementor-element-efe3686 e-con-full e-flex e-con e-parent\" data-id=\"efe3686\" data-element_type=\"container\">\n\t\t\t\t<div class=\"elementor-element elementor-element-31e9b7b elementor-position-left elementor-vertical-align-top elementor-widget elementor-widget-image-box\" data-id=\"31e9b7b\" data-element_type=\"widget\" data-widget_type=\"image-box.default\">\n\t\t\t\t<div class=\"elementor-widget-container\">\n\t\t\t<div class=\"elementor-image-box-wrapper\"><figure class=\"elementor-image-box-img\"><img loading=\"lazy\" decoding=\"async\" width=\"595\" height=\"595\" src=\"https:\/\/ecoprime.com\/wp-content\/uploads\/2023\/05\/icone_Technological.jpg\" class=\"attachment-full size-full wp-image-1037\" alt=\"\" srcset=\"https:\/\/ecoprime.com\/wp-content\/uploads\/2023\/05\/icone_Technological.jpg 595w, https:\/\/ecoprime.com\/wp-content\/uploads\/2023\/05\/icone_Technological-300x300.jpg 300w, https:\/\/ecoprime.com\/wp-content\/uploads\/2023\/05\/icone_Technological-150x150.jpg 150w\" sizes=\"(max-width: 595px) 100vw, 595px\" \/><\/figure><div class=\"elementor-image-box-content\"><h3 class=\"elementor-image-box-title\">Competenza tecnologica<\/h3><p class=\"elementor-image-box-description\">L\u2019esperienza nell\u2019O&M, guida la progettazione e la realizzazione di impianti che garantiscano prestazioni e operativit\u00e0 eccellenti<\/p><\/div><\/div>\t\t<\/div>\n\t\t\t\t<\/div>\n\t\t\t\t<\/div>\n\t\t\t\t\t<\/div>\n\t\t\t\t<\/div>\n\t\t\t\t<\/div>\n\t\t","protected":false},"excerpt":{"rendered":"<p>Engineering Procurement and Construction Grazie all&#8217;esperienza del nostro team in diversi ambiti, siamo in grado di fornire progetti EPC in pi\u00f9 settori delle energie rinnovabili Nuovi impianti connessialla rete fino a MT\/AT Revamping\/Repoweringdi impianti esistenti Inoltre, il nostro ufficio tecnico \u00e8 in grado di fornire ulteriori servizi specializzati: Sviluppo Processo autorizzativo Ingegneria del valore Design [&hellip;]<\/p>\n","protected":false},"author":1,"featured_media":0,"parent":0,"menu_order":0,"comment_status":"closed","ping_status":"closed","template":"","meta":{"footnotes":""},"class_list":["post-2970","page","type-page","status-publish","hentry"],"yoast_head":"<!-- This site is optimized with the Yoast SEO plugin v24.0 - https:\/\/yoast.com\/wordpress\/plugins\/seo\/ -->\n<title>EPC - ecoprime<\/title>\n<meta name=\"robots\" content=\"index, follow, max-snippet:-1, max-image-preview:large, max-video-preview:-1\" \/>\n<link rel=\"canonical\" href=\"https:\/\/ecoprime.com\/it\/epc\/\" \/>\n<meta property=\"og:locale\" content=\"it_IT\" \/>\n<meta property=\"og:type\" content=\"article\" \/>\n<meta property=\"og:title\" content=\"EPC - ecoprime\" \/>\n<meta property=\"og:description\" content=\"Engineering Procurement and Construction Grazie all&#8217;esperienza del nostro team in diversi ambiti, siamo in grado di fornire progetti EPC in pi\u00f9 settori delle energie rinnovabili Nuovi impianti connessialla rete fino a MT\/AT Revamping\/Repoweringdi impianti esistenti Inoltre, il nostro ufficio tecnico \u00e8 in grado di fornire ulteriori servizi specializzati: Sviluppo Processo autorizzativo Ingegneria del valore Design [&hellip;]\" \/>\n<meta property=\"og:url\" content=\"https:\/\/ecoprime.com\/it\/epc\/\" \/>\n<meta property=\"og:site_name\" content=\"ecoprime\" \/>\n<meta property=\"article:modified_time\" content=\"2025-04-14T07:00:53+00:00\" \/>\n<meta property=\"og:image\" content=\"https:\/\/ecoprime.com\/wp-content\/uploads\/2023\/05\/ecoprime_wind_suplly.jpg\" \/>\n<meta name=\"twitter:card\" content=\"summary_large_image\" \/>\n<meta name=\"twitter:label1\" content=\"Tempo di lettura stimato\" \/>\n\t<meta name=\"twitter:data1\" content=\"1 minuto\" \/>\n<script type=\"application\/ld+json\" class=\"yoast-schema-graph\">{\"@context\":\"https:\/\/schema.org\",\"@graph\":[{\"@type\":\"WebPage\",\"@id\":\"https:\/\/ecoprime.com\/it\/epc\/\",\"url\":\"https:\/\/ecoprime.com\/it\/epc\/\",\"name\":\"EPC - ecoprime\",\"isPartOf\":{\"@id\":\"https:\/\/ecoprime.com\/#website\"},\"primaryImageOfPage\":{\"@id\":\"https:\/\/ecoprime.com\/it\/epc\/#primaryimage\"},\"image\":{\"@id\":\"https:\/\/ecoprime.com\/it\/epc\/#primaryimage\"},\"thumbnailUrl\":\"https:\/\/ecoprime.com\/wp-content\/uploads\/2023\/05\/ecoprime_wind_suplly.jpg\",\"datePublished\":\"2023-05-08T11:16:54+00:00\",\"dateModified\":\"2025-04-14T07:00:53+00:00\",\"breadcrumb\":{\"@id\":\"https:\/\/ecoprime.com\/it\/epc\/#breadcrumb\"},\"inLanguage\":\"it-IT\",\"potentialAction\":[{\"@type\":\"ReadAction\",\"target\":[\"https:\/\/ecoprime.com\/it\/epc\/\"]}]},{\"@type\":\"ImageObject\",\"inLanguage\":\"it-IT\",\"@id\":\"https:\/\/ecoprime.com\/it\/epc\/#primaryimage\",\"url\":\"https:\/\/ecoprime.com\/wp-content\/uploads\/2023\/05\/ecoprime_wind_suplly.jpg\",\"contentUrl\":\"https:\/\/ecoprime.com\/wp-content\/uploads\/2023\/05\/ecoprime_wind_suplly.jpg\"},{\"@type\":\"BreadcrumbList\",\"@id\":\"https:\/\/ecoprime.com\/it\/epc\/#breadcrumb\",\"itemListElement\":[{\"@type\":\"ListItem\",\"position\":1,\"name\":\"Home\",\"item\":\"https:\/\/ecoprime.com\/it\/homepage\/\"},{\"@type\":\"ListItem\",\"position\":2,\"name\":\"EPC\"}]},{\"@type\":\"WebSite\",\"@id\":\"https:\/\/ecoprime.com\/#website\",\"url\":\"https:\/\/ecoprime.com\/\",\"name\":\"ecoprime\",\"description\":\"Premium Partner per prestazioni eccellenti e durature\",\"publisher\":{\"@id\":\"https:\/\/ecoprime.com\/#organization\"},\"potentialAction\":[{\"@type\":\"SearchAction\",\"target\":{\"@type\":\"EntryPoint\",\"urlTemplate\":\"https:\/\/ecoprime.com\/?s={search_term_string}\"},\"query-input\":{\"@type\":\"PropertyValueSpecification\",\"valueRequired\":true,\"valueName\":\"search_term_string\"}}],\"inLanguage\":\"it-IT\"},{\"@type\":\"Organization\",\"@id\":\"https:\/\/ecoprime.com\/#organization\",\"name\":\"ecoprime\",\"url\":\"https:\/\/ecoprime.com\/\",\"logo\":{\"@type\":\"ImageObject\",\"inLanguage\":\"it-IT\",\"@id\":\"https:\/\/ecoprime.com\/#\/schema\/logo\/image\/\",\"url\":\"https:\/\/ecoprime.com\/wp-content\/uploads\/2023\/05\/ecoprime-logo-b.svg\",\"contentUrl\":\"https:\/\/ecoprime.com\/wp-content\/uploads\/2023\/05\/ecoprime-logo-b.svg\",\"width\":501,\"height\":114,\"caption\":\"ecoprime\"},\"image\":{\"@id\":\"https:\/\/ecoprime.com\/#\/schema\/logo\/image\/\"}}]}<\/script>\n<!-- \/ Yoast SEO plugin. -->","yoast_head_json":{"title":"EPC - ecoprime","robots":{"index":"index","follow":"follow","max-snippet":"max-snippet:-1","max-image-preview":"max-image-preview:large","max-video-preview":"max-video-preview:-1"},"canonical":"https:\/\/ecoprime.com\/it\/epc\/","og_locale":"it_IT","og_type":"article","og_title":"EPC - ecoprime","og_description":"Engineering Procurement and Construction Grazie all&#8217;esperienza del nostro team in diversi ambiti, siamo in grado di fornire progetti EPC in pi\u00f9 settori delle energie rinnovabili Nuovi impianti connessialla rete fino a MT\/AT Revamping\/Repoweringdi impianti esistenti Inoltre, il nostro ufficio tecnico \u00e8 in grado di fornire ulteriori servizi specializzati: Sviluppo Processo autorizzativo Ingegneria del valore Design [&hellip;]","og_url":"https:\/\/ecoprime.com\/it\/epc\/","og_site_name":"ecoprime","article_modified_time":"2025-04-14T07:00:53+00:00","og_image":[{"url":"https:\/\/ecoprime.com\/wp-content\/uploads\/2023\/05\/ecoprime_wind_suplly.jpg","type":"","width":"","height":""}],"twitter_card":"summary_large_image","twitter_misc":{"Tempo di lettura stimato":"1 minuto"},"schema":{"@context":"https:\/\/schema.org","@graph":[{"@type":"WebPage","@id":"https:\/\/ecoprime.com\/it\/epc\/","url":"https:\/\/ecoprime.com\/it\/epc\/","name":"EPC - ecoprime","isPartOf":{"@id":"https:\/\/ecoprime.com\/#website"},"primaryImageOfPage":{"@id":"https:\/\/ecoprime.com\/it\/epc\/#primaryimage"},"image":{"@id":"https:\/\/ecoprime.com\/it\/epc\/#primaryimage"},"thumbnailUrl":"https:\/\/ecoprime.com\/wp-content\/uploads\/2023\/05\/ecoprime_wind_suplly.jpg","datePublished":"2023-05-08T11:16:54+00:00","dateModified":"2025-04-14T07:00:53+00:00","breadcrumb":{"@id":"https:\/\/ecoprime.com\/it\/epc\/#breadcrumb"},"inLanguage":"it-IT","potentialAction":[{"@type":"ReadAction","target":["https:\/\/ecoprime.com\/it\/epc\/"]}]},{"@type":"ImageObject","inLanguage":"it-IT","@id":"https:\/\/ecoprime.com\/it\/epc\/#primaryimage","url":"https:\/\/ecoprime.com\/wp-content\/uploads\/2023\/05\/ecoprime_wind_suplly.jpg","contentUrl":"https:\/\/ecoprime.com\/wp-content\/uploads\/2023\/05\/ecoprime_wind_suplly.jpg"},{"@type":"BreadcrumbList","@id":"https:\/\/ecoprime.com\/it\/epc\/#breadcrumb","itemListElement":[{"@type":"ListItem","position":1,"name":"Home","item":"https:\/\/ecoprime.com\/it\/homepage\/"},{"@type":"ListItem","position":2,"name":"EPC"}]},{"@type":"WebSite","@id":"https:\/\/ecoprime.com\/#website","url":"https:\/\/ecoprime.com\/","name":"ecoprime","description":"Premium Partner per prestazioni eccellenti e durature","publisher":{"@id":"https:\/\/ecoprime.com\/#organization"},"potentialAction":[{"@type":"SearchAction","target":{"@type":"EntryPoint","urlTemplate":"https:\/\/ecoprime.com\/?s={search_term_string}"},"query-input":{"@type":"PropertyValueSpecification","valueRequired":true,"valueName":"search_term_string"}}],"inLanguage":"it-IT"},{"@type":"Organization","@id":"https:\/\/ecoprime.com\/#organization","name":"ecoprime","url":"https:\/\/ecoprime.com\/","logo":{"@type":"ImageObject","inLanguage":"it-IT","@id":"https:\/\/ecoprime.com\/#\/schema\/logo\/image\/","url":"https:\/\/ecoprime.com\/wp-content\/uploads\/2023\/05\/ecoprime-logo-b.svg","contentUrl":"https:\/\/ecoprime.com\/wp-content\/uploads\/2023\/05\/ecoprime-logo-b.svg","width":501,"height":114,"caption":"ecoprime"},"image":{"@id":"https:\/\/ecoprime.com\/#\/schema\/logo\/image\/"}}]}},"_links":{"self":[{"href":"https:\/\/ecoprime.com\/it\/wp-json\/wp\/v2\/pages\/2970","targetHints":{"allow":["GET"]}}],"collection":[{"href":"https:\/\/ecoprime.com\/it\/wp-json\/wp\/v2\/pages"}],"about":[{"href":"https:\/\/ecoprime.com\/it\/wp-json\/wp\/v2\/types\/page"}],"author":[{"embeddable":true,"href":"https:\/\/ecoprime.com\/it\/wp-json\/wp\/v2\/users\/1"}],"replies":[{"embeddable":true,"href":"https:\/\/ecoprime.com\/it\/wp-json\/wp\/v2\/comments?post=2970"}],"version-history":[{"count":1,"href":"https:\/\/ecoprime.com\/it\/wp-json\/wp\/v2\/pages\/2970\/revisions"}],"predecessor-version":[{"id":2971,"href":"https:\/\/ecoprime.com\/it\/wp-json\/wp\/v2\/pages\/2970\/revisions\/2971"}],"wp:attachment":[{"href":"https:\/\/ecoprime.com\/it\/wp-json\/wp\/v2\/media?parent=2970"}],"curies":[{"name":"wp","href":"https:\/\/api.w.org\/{rel}","templated":true}]}}